{"id":556,"date":"2021-11-02T08:56:58","date_gmt":"2021-11-02T08:56:58","guid":{"rendered":"https:\/\/demo.athemes.com\/sydney-main\/?page_id=556"},"modified":"2022-06-08T01:55:10","modified_gmt":"2022-06-08T01:55:10","slug":"servicos","status":"publish","type":"page","link":"https:\/\/almeidas.com.br\/site\/servicos\/","title":{"rendered":"Servi\u00e7os"},"content":{"rendered":"\t\t<div data-elementor-type=\"wp-page\" data-elementor-id=\"556\" class=\"elementor elementor-556\">\n\t\t\t\t\t\t<section class=\"elementor-section elementor-top-section elementor-element elementor-element-2fa13c5 elementor-section-boxed elementor-section-height-default elementor-section-height-default\" data-id=\"2fa13c5\" data-element_type=\"section\" data-settings=\"{&quot;background_background&quot;:&quot;classic&quot;}\">\n\t\t\t\t\t\t<div class=\"elementor-container elementor-column-gap-default\">\n\t\t\t\t\t<div class=\"elementor-column elementor-col-100 elementor-top-column elementor-element elementor-element-168df36\" data-id=\"168df36\" data-element_type=\"column\">\n\t\t\t<div class=\"elementor-widget-wrap elementor-element-populated\">\n\t\t\t\t\t\t<div class=\"elementor-element elementor-element-3170bd4 elementor-widget elementor-widget-heading\" data-id=\"3170bd4\" data-element_type=\"widget\" data-widget_type=\"heading.default\">\n\t\t\t\t<div class=\"elementor-widget-container\">\n\t\t\t<style>\/*! elementor - v3.21.0 - 26-05-2024 *\/\n.elementor-heading-title{padding:0;margin:0;line-height:1}.elementor-widget-heading .elementor-heading-title[class*=elementor-size-]>a{color:inherit;font-size:inherit;line-height:inherit}.elementor-widget-heading .elementor-heading-title.elementor-size-small{font-size:15px}.elementor-widget-heading .elementor-heading-title.elementor-size-medium{font-size:19px}.elementor-widget-heading .elementor-heading-title.elementor-size-large{font-size:29px}.elementor-widget-heading .elementor-heading-title.elementor-size-xl{font-size:39px}.elementor-widget-heading .elementor-heading-title.elementor-size-xxl{font-size:59px}<\/style><h2 class=\"elementor-heading-title elementor-size-default\">Nossos Servi\u00e7os<\/h2>\t\t<\/div>\n\t\t\t\t<\/div>\n\t\t\t\t<section class=\"elementor-section elementor-inner-section elementor-element elementor-element-06834fe elementor-section-boxed elementor-section-height-default elementor-section-height-default\" data-id=\"06834fe\" data-element_type=\"section\">\n\t\t\t\t\t\t<div class=\"elementor-container elementor-column-gap-extended\">\n\t\t\t\t\t<div class=\"elementor-column elementor-col-33 elementor-inner-column elementor-element elementor-element-624ab7c\" data-id=\"624ab7c\" data-element_type=\"column\">\n\t\t\t<div class=\"elementor-widget-wrap elementor-element-populated\">\n\t\t\t\t\t\t<div class=\"elementor-element elementor-element-88784f5 elementor-position-top elementor-widget elementor-widget-image-box\" data-id=\"88784f5\" data-element_type=\"widget\" data-widget_type=\"image-box.default\">\n\t\t\t\t<div class=\"elementor-widget-container\">\n\t\t\t<style>\/*! elementor - v3.21.0 - 26-05-2024 *\/\n.elementor-widget-image-box .elementor-image-box-content{width:100%}@media (min-width:768px){.elementor-widget-image-box.elementor-position-left .elementor-image-box-wrapper,.elementor-widget-image-box.elementor-position-right .elementor-image-box-wrapper{display:flex}.elementor-widget-image-box.elementor-position-right .elementor-image-box-wrapper{text-align:end;flex-direction:row-reverse}.elementor-widget-image-box.elementor-position-left .elementor-image-box-wrapper{text-align:start;flex-direction:row}.elementor-widget-image-box.elementor-position-top .elementor-image-box-img{margin:auto}.elementor-widget-image-box.elementor-vertical-align-top .elementor-image-box-wrapper{align-items:flex-start}.elementor-widget-image-box.elementor-vertical-align-middle .elementor-image-box-wrapper{align-items:center}.elementor-widget-image-box.elementor-vertical-align-bottom .elementor-image-box-wrapper{align-items:flex-end}}@media (max-width:767px){.elementor-widget-image-box .elementor-image-box-img{margin-left:auto!important;margin-right:auto!important;margin-bottom:15px}}.elementor-widget-image-box .elementor-image-box-img{display:inline-block}.elementor-widget-image-box .elementor-image-box-title a{color:inherit}.elementor-widget-image-box .elementor-image-box-wrapper{text-align:center}.elementor-widget-image-box .elementor-image-box-description{margin:0}<\/style><div class=\"elementor-image-box-wrapper\"><figure class=\"elementor-image-box-img\"><img decoding=\"async\" width=\"180\" height=\"180\" src=\"https:\/\/almeidas.com.br\/site\/wp-content\/uploads\/2022\/06\/download.jpg\" class=\"attachment-medium size-medium wp-image-817\" alt=\"\" srcset=\"https:\/\/almeidas.com.br\/site\/wp-content\/uploads\/2022\/06\/download.jpg 180w, https:\/\/almeidas.com.br\/site\/wp-content\/uploads\/2022\/06\/download-150x150.jpg 150w\" sizes=\"(max-width: 180px) 100vw, 180px\" \/><\/figure><div class=\"elementor-image-box-content\"><h3 class=\"elementor-image-box-title\">Perfume Motel<\/h3><p class=\"elementor-image-box-description\">Grande parceiro que tivemos a honra de fornecer m\u00e1rmore e granito em sua reforma <\/p><\/div><\/div>\t\t<\/div>\n\t\t\t\t<\/div>\n\t\t\t\t\t<\/div>\n\t\t<\/div>\n\t\t\t\t<div class=\"elementor-column elementor-col-33 elementor-inner-column elementor-element elementor-element-6d32c61\" data-id=\"6d32c61\" data-element_type=\"column\">\n\t\t\t<div class=\"elementor-widget-wrap elementor-element-populated\">\n\t\t\t\t\t\t<div class=\"elementor-element elementor-element-f6345ed elementor-position-top elementor-widget elementor-widget-image-box\" data-id=\"f6345ed\" data-element_type=\"widget\" data-widget_type=\"image-box.default\">\n\t\t\t\t<div class=\"elementor-widget-container\">\n\t\t\t<div class=\"elementor-image-box-wrapper\"><figure class=\"elementor-image-box-img\"><img decoding=\"async\" src=\"https:\/\/almeidas.com.br\/site\/wp-content\/uploads\/elementor\/thumbs\/fsolucoes-ppx1w6lkr9kuyh5ny82igfb7libd7x5aqb1e3y8s6w.jpg\" title=\"fsolu\u00e7\u00f5es\" alt=\"Parceiro\" loading=\"lazy\" \/><\/figure><div class=\"elementor-image-box-content\"><h3 class=\"elementor-image-box-title\">F.Solu\u00e7\u00f5es<\/h3><p class=\"elementor-image-box-description\">Parceiro B2B em moveis para supermercado como COMETA, CENTERBOX etc...<\/p><\/div><\/div>\t\t<\/div>\n\t\t\t\t<\/div>\n\t\t\t\t\t<\/div>\n\t\t<\/div>\n\t\t\t\t<div class=\"elementor-column elementor-col-33 elementor-inner-column elementor-element elementor-element-2b6fcc4\" data-id=\"2b6fcc4\" data-element_type=\"column\">\n\t\t\t<div class=\"elementor-widget-wrap elementor-element-populated\">\n\t\t\t\t\t\t<div class=\"elementor-element elementor-element-5ed7d9f elementor-position-top elementor-widget elementor-widget-image-box\" data-id=\"5ed7d9f\" data-element_type=\"widget\" data-widget_type=\"image-box.default\">\n\t\t\t\t<div class=\"elementor-widget-container\">\n\t\t\t<div class=\"elementor-image-box-wrapper\"><figure class=\"elementor-image-box-img\"><img decoding=\"async\" src=\"https:\/\/almeidas.com.br\/site\/wp-content\/uploads\/elementor\/thumbs\/bebelu-ppx2nfx2yaw7ndk8s090rjofrrykfxd2h84b4ttrqw.jpg\" title=\"bebelu\" alt=\"Parceria\" loading=\"lazy\" \/><\/figure><div class=\"elementor-image-box-content\"><h3 class=\"elementor-image-box-title\">Bebelu<\/h3><p class=\"elementor-image-box-description\">Parceiro realizamos em duas unidades francisco s\u00e1 e silas munguba granito e vidros<\/p><\/div><\/div>\t\t<\/div>\n\t\t\t\t<\/div>\n\t\t\t\t\t<\/div>\n\t\t<\/div>\n\t\t\t\t\t<\/div>\n\t\t<\/section>\n\t\t\t\t\t<\/div>\n\t\t<\/div>\n\t\t\t\t\t<\/div>\n\t\t<\/section>\n\t\t\t\t<section class=\"elementor-section elementor-top-section elementor-element elementor-element-39c8cb1 elementor-section-boxed elementor-section-height-default elementor-section-height-default\" data-id=\"39c8cb1\" data-element_type=\"section\">\n\t\t\t\t\t\t<div class=\"elementor-container elementor-column-gap-default\">\n\t\t\t\t\t<div class=\"elementor-column elementor-col-100 elementor-top-column elementor-element elementor-element-82a59f4\" data-id=\"82a59f4\" data-element_type=\"column\">\n\t\t\t<div class=\"elementor-widget-wrap elementor-element-populated\">\n\t\t\t\t\t\t<div class=\"elementor-element elementor-element-05337b7 elementor-widget elementor-widget-sydney-hero-slider\" data-id=\"05337b7\" data-element_type=\"widget\" data-widget_type=\"sydney-hero-slider.default\">\n\t\t\t\t<div class=\"elementor-widget-container\">\n\t\t\t\n\t\t<div class=\"swiper-container athemes-hero-slider\">\n\t\t\t<div class=\"swiper-wrapper athemes-hero-wrapper\">\n\t\t\t\t\t\t\t\t\t<div data-swiper-autoplay=\"3000\" class=\"swiper-slide elementor-repeater-item-cf7d0c9\" style=\"background-image: url('http:\/\/almeidas.com.br\/site\/wp-content\/uploads\/2022\/06\/hidro.jpg');\">\n\t\t\t\t\t\t\t\t\t\t\t\t\n\t\t\t\t\t\t<div class=\"hero-slide-inner\">\n\t\t\t\t\t\t\t<div class=\"container\">\n\t\t\t\t\t\t\t\t<div class=\"row\">\n\t\t\t\t\t\t\t\t\t<div class=\"col-md-12\">\n\t\t\t\t\t\t\t\t\t\t<div class=\"slide-content-wrapper animated \">\n\t\t\t\t\t\t\t\t\t\t\t<h2 class=\"slide-title\"><\/h2>\n\t\t\t\t\t\t\t\t\t\t\t<p class=\"slide-text\"><\/p>\n\n\t\t\t\t\t\t\t\t\t\t\t\t\t\t\t\t\t\t\t\t\t<\/div>\n\t\t\t\t\t\t\t\t\t<\/div>\n\t\t\t\t\t\t\t\t<\/div>\n\t\t\t\t\t\t\t<\/div>\n\t\t\t\t\t\t<\/div>\n\t\t\t\t\t<\/div>\n\t\t\t\t\t\t\t\t\t\t<div data-swiper-autoplay=\"3000\" class=\"swiper-slide elementor-repeater-item-a52454d\" style=\"background-image: url('http:\/\/almeidas.com.br\/site\/wp-content\/uploads\/2022\/06\/f1d46d9a-71d3-4d3d-9f76-1df2685a7c60.jpg');\">\n\t\t\t\t\t\t\t\t\t\t\t\t\n\t\t\t\t\t\t<div class=\"hero-slide-inner\">\n\t\t\t\t\t\t\t<div class=\"container\">\n\t\t\t\t\t\t\t\t<div class=\"row\">\n\t\t\t\t\t\t\t\t\t<div class=\"col-md-12\">\n\t\t\t\t\t\t\t\t\t\t<div class=\"slide-content-wrapper animated \">\n\t\t\t\t\t\t\t\t\t\t\t<h2 class=\"slide-title\"><\/h2>\n\t\t\t\t\t\t\t\t\t\t\t<p class=\"slide-text\"><\/p>\n\n\t\t\t\t\t\t\t\t\t\t\t\t\t\t\t\t\t\t\t\t\t<\/div>\n\t\t\t\t\t\t\t\t\t<\/div>\n\t\t\t\t\t\t\t\t<\/div>\n\t\t\t\t\t\t\t<\/div>\n\t\t\t\t\t\t<\/div>\n\t\t\t\t\t<\/div>\n\t\t\t\t\t\t\t\t\t\t<div data-swiper-autoplay=\"3000\" class=\"swiper-slide elementor-repeater-item-3a52ab7\" style=\"background-image: url('http:\/\/almeidas.com.br\/site\/wp-content\/uploads\/2022\/06\/IMG_0337.jpeg');\">\n\t\t\t\t\t\t\t\t\t\t\t\t\n\t\t\t\t\t\t<div class=\"hero-slide-inner\">\n\t\t\t\t\t\t\t<div class=\"container\">\n\t\t\t\t\t\t\t\t<div class=\"row\">\n\t\t\t\t\t\t\t\t\t<div class=\"col-md-12\">\n\t\t\t\t\t\t\t\t\t\t<div class=\"slide-content-wrapper animated \">\n\t\t\t\t\t\t\t\t\t\t\t<h2 class=\"slide-title\"><\/h2>\n\t\t\t\t\t\t\t\t\t\t\t<p class=\"slide-text\"><\/p>\n\n\t\t\t\t\t\t\t\t\t\t\t\t\t\t\t\t\t\t\t\t\t<\/div>\n\t\t\t\t\t\t\t\t\t<\/div>\n\t\t\t\t\t\t\t\t<\/div>\n\t\t\t\t\t\t\t<\/div>\n\t\t\t\t\t\t<\/div>\n\t\t\t\t\t<\/div>\n\t\t\t\t\t\t\t\t\t\t<div data-swiper-autoplay=\"3000\" class=\"swiper-slide elementor-repeater-item-443533a\" style=\"background-image: url('http:\/\/almeidas.com.br\/site\/wp-content\/uploads\/2022\/06\/Banheiro-de-marmore.png');\">\n\t\t\t\t\t\t\t\t\t\t\t\t\n\t\t\t\t\t\t<div class=\"hero-slide-inner\">\n\t\t\t\t\t\t\t<div class=\"container\">\n\t\t\t\t\t\t\t\t<div class=\"row\">\n\t\t\t\t\t\t\t\t\t<div class=\"col-md-12\">\n\t\t\t\t\t\t\t\t\t\t<div class=\"slide-content-wrapper animated \">\n\t\t\t\t\t\t\t\t\t\t\t<h2 class=\"slide-title\"><\/h2>\n\t\t\t\t\t\t\t\t\t\t\t<p class=\"slide-text\"><\/p>\n\n\t\t\t\t\t\t\t\t\t\t\t\t\t\t\t\t\t\t\t\t\t<\/div>\n\t\t\t\t\t\t\t\t\t<\/div>\n\t\t\t\t\t\t\t\t<\/div>\n\t\t\t\t\t\t\t<\/div>\n\t\t\t\t\t\t<\/div>\n\t\t\t\t\t<\/div>\n\t\t\t\t\t\t\t\t\t\t<div data-swiper-autoplay=\"3000\" class=\"swiper-slide elementor-repeater-item-4c1195e\" style=\"background-image: url('http:\/\/almeidas.com.br\/site\/wp-content\/uploads\/2022\/06\/a86ceaa4-f643-4940-9c93-3aeac786cc1b.jpg');\">\n\t\t\t\t\t\t\t\t\t\t\t\t<div class=\"slide-overlay\"><\/div>\n\t\t\t\t\t\t\t\t\t\t\t\t\n\t\t\t\t\t\t<div class=\"hero-slide-inner\">\n\t\t\t\t\t\t\t<div class=\"container\">\n\t\t\t\t\t\t\t\t<div class=\"row\">\n\t\t\t\t\t\t\t\t\t<div class=\"col-md-12\">\n\t\t\t\t\t\t\t\t\t\t<div class=\"slide-content-wrapper animated \">\n\t\t\t\t\t\t\t\t\t\t\t<h2 class=\"slide-title\"><\/h2>\n\t\t\t\t\t\t\t\t\t\t\t<p class=\"slide-text\"><\/p>\n\n\t\t\t\t\t\t\t\t\t\t\t\t\t\t\t\t\t\t\t\t\t<\/div>\n\t\t\t\t\t\t\t\t\t<\/div>\n\t\t\t\t\t\t\t\t<\/div>\n\t\t\t\t\t\t\t<\/div>\n\t\t\t\t\t\t<\/div>\n\t\t\t\t\t<\/div>\n\t\t\t\t\t\t\t\t\t\t<div data-swiper-autoplay=\"3000\" class=\"swiper-slide elementor-repeater-item-ca93cbb\" style=\"background-image: url('http:\/\/almeidas.com.br\/site\/wp-content\/uploads\/2022\/06\/IMG_4927.jpeg');\">\n\t\t\t\t\t\t\t\t\t\t\t\t\n\t\t\t\t\t\t<div class=\"hero-slide-inner\">\n\t\t\t\t\t\t\t<div class=\"container\">\n\t\t\t\t\t\t\t\t<div class=\"row\">\n\t\t\t\t\t\t\t\t\t<div class=\"col-md-12\">\n\t\t\t\t\t\t\t\t\t\t<div class=\"slide-content-wrapper animated \">\n\t\t\t\t\t\t\t\t\t\t\t<h2 class=\"slide-title\"><\/h2>\n\t\t\t\t\t\t\t\t\t\t\t<p class=\"slide-text\"><\/p>\n\n\t\t\t\t\t\t\t\t\t\t\t\t\t\t\t\t\t\t\t\t\t<\/div>\n\t\t\t\t\t\t\t\t\t<\/div>\n\t\t\t\t\t\t\t\t<\/div>\n\t\t\t\t\t\t\t<\/div>\n\t\t\t\t\t\t<\/div>\n\t\t\t\t\t<\/div>\n\t\t\t\t\t\t\t\t<\/div>\t\n\t\t\t\t\t\t\t\t<\/div>\n\t\t\t\t<\/div>\n\t\t\t\t<\/div>\n\t\t\t\t\t<\/div>\n\t\t<\/div>\n\t\t\t\t\t<\/div>\n\t\t<\/section>\n\t\t\t\t<section class=\"elementor-section elementor-top-section elementor-element elementor-element-1c821f3 elementor-section-content-middle elementor-section-boxed elementor-section-height-default elementor-section-height-default\" data-id=\"1c821f3\" data-element_type=\"section\" data-settings=\"{&quot;background_background&quot;:&quot;classic&quot;}\">\n\t\t\t\t\t\t<div class=\"elementor-container elementor-column-gap-default\">\n\t\t\t\t\t<div class=\"elementor-column elementor-col-50 elementor-top-column elementor-element elementor-element-c218f01\" data-id=\"c218f01\" data-element_type=\"column\">\n\t\t\t<div class=\"elementor-widget-wrap elementor-element-populated\">\n\t\t\t\t\t\t<div class=\"elementor-element elementor-element-7ded334 elementor-widget elementor-widget-heading\" data-id=\"7ded334\" data-element_type=\"widget\" data-widget_type=\"heading.default\">\n\t\t\t\t<div class=\"elementor-widget-container\">\n\t\t\t<h2 class=\"elementor-heading-title elementor-size-default\">Tem um projeto em mente? Vamos ao trabalho.<\/h2>\t\t<\/div>\n\t\t\t\t<\/div>\n\t\t\t\t\t<\/div>\n\t\t<\/div>\n\t\t\t\t<div class=\"elementor-column elementor-col-50 elementor-top-column elementor-element elementor-element-95a7745\" data-id=\"95a7745\" data-element_type=\"column\">\n\t\t\t<div class=\"elementor-widget-wrap elementor-element-populated\">\n\t\t\t\t\t\t<div class=\"elementor-element elementor-element-985802e elementor-align-right elementor-mobile-align-center elementor-widget elementor-widget-button\" data-id=\"985802e\" data-element_type=\"widget\" data-widget_type=\"button.default\">\n\t\t\t\t<div class=\"elementor-widget-container\">\n\t\t\t\t\t<div class=\"elementor-button-wrapper\">\n\t\t\t<a class=\"elementor-button elementor-button-link elementor-size-sm\" href=\"https:\/\/linklist.bio\/almeidas\">\n\t\t\t\t\t\t<span class=\"elementor-button-content-wrapper\">\n\t\t\t\t\t\t<span class=\"elementor-button-icon elementor-align-icon-left\">\n\t\t\t\t<i aria-hidden=\"true\" class=\"fas fa-comments\"><\/i>\t\t\t<\/span>\n\t\t\t\t\t\t\t\t\t<span class=\"elementor-button-text\">Fale conosco<\/span>\n\t\t\t\t\t<\/span>\n\t\t\t\t\t<\/a>\n\t\t<\/div>\n\t\t\t\t<\/div>\n\t\t\t\t<\/div>\n\t\t\t\t\t<\/div>\n\t\t<\/div>\n\t\t\t\t\t<\/div>\n\t\t<\/section>\n\t\t\t\t<\/div>\n\t\t","protected":false},"excerpt":{"rendered":"<p>Nossos Servi\u00e7os Perfume Motel Grande parceiro que tivemos a honra de fornecer m\u00e1rmore e granito em sua reforma F.Solu\u00e7\u00f5es Parceiro B2B em [&hellip;]<\/p>\n","protected":false},"author":1,"featured_media":0,"parent":0,"menu_order":0,"comment_status":"closed","ping_status":"closed","template":"page-templates\/page_front-page.php","meta":{"footnotes":""},"class_list":["post-556","page","type-page","status-publish","hentry"],"yoast_head":"<!-- This site is optimized with the Yoast SEO plugin v22.8 - https:\/\/yoast.com\/wordpress\/plugins\/seo\/ -->\n<title>Servi\u00e7os - Almeidas M\u00e1rmoraria e Vidra\u00e7aria<\/title>\n<meta name=\"description\" content=\"Servi\u00e7os e parceiros de parceiro onde realizamos muitos servi\u00e7os mostrando a qualidade de nosso servi\u00e7o e clientes\" \/>\n<meta name=\"robots\" content=\"index, follow, max-snippet:-1, max-image-preview:large, max-video-preview:-1\" \/>\n<link rel=\"canonical\" href=\"https:\/\/almeidas.com.br\/site\/servicos\/\" \/>\n<meta property=\"og:locale\" content=\"pt_BR\" \/>\n<meta property=\"og:type\" content=\"article\" \/>\n<meta property=\"og:title\" content=\"Servi\u00e7os - Almeidas M\u00e1rmoraria e Vidra\u00e7aria\" \/>\n<meta property=\"og:description\" content=\"Servi\u00e7os e parceiros de parceiro onde realizamos muitos servi\u00e7os mostrando a qualidade de nosso servi\u00e7o e clientes\" \/>\n<meta property=\"og:url\" content=\"https:\/\/almeidas.com.br\/site\/servicos\/\" \/>\n<meta property=\"og:site_name\" content=\"Almeidas M\u00e1rmoraria e Vidra\u00e7aria\" \/>\n<meta property=\"article:publisher\" content=\"https:\/\/www.facebook.com\/AlmeidasMarmore\" \/>\n<meta property=\"article:modified_time\" content=\"2022-06-08T01:55:10+00:00\" \/>\n<meta property=\"og:image\" content=\"http:\/\/almeidas.com.br\/site\/wp-content\/uploads\/2022\/06\/download.jpg\" \/>\n<meta name=\"twitter:card\" content=\"summary_large_image\" \/>\n<meta name=\"twitter:label1\" content=\"Est. tempo de leitura\" \/>\n\t<meta name=\"twitter:data1\" content=\"1 minuto\" \/>\n<script type=\"application\/ld+json\" class=\"yoast-schema-graph\">{\"@context\":\"https:\/\/schema.org\",\"@graph\":[{\"@type\":\"WebPage\",\"@id\":\"https:\/\/almeidas.com.br\/site\/servicos\/\",\"url\":\"https:\/\/almeidas.com.br\/site\/servicos\/\",\"name\":\"Servi\u00e7os - Almeidas M\u00e1rmoraria e Vidra\u00e7aria\",\"isPartOf\":{\"@id\":\"https:\/\/almeidas.com.br\/site\/#website\"},\"primaryImageOfPage\":{\"@id\":\"https:\/\/almeidas.com.br\/site\/servicos\/#primaryimage\"},\"image\":{\"@id\":\"https:\/\/almeidas.com.br\/site\/servicos\/#primaryimage\"},\"thumbnailUrl\":\"http:\/\/almeidas.com.br\/site\/wp-content\/uploads\/2022\/06\/download.jpg\",\"datePublished\":\"2021-11-02T08:56:58+00:00\",\"dateModified\":\"2022-06-08T01:55:10+00:00\",\"description\":\"Servi\u00e7os e parceiros de parceiro onde realizamos muitos servi\u00e7os mostrando a qualidade de nosso servi\u00e7o e clientes\",\"breadcrumb\":{\"@id\":\"https:\/\/almeidas.com.br\/site\/servicos\/#breadcrumb\"},\"inLanguage\":\"pt-BR\",\"potentialAction\":[{\"@type\":\"ReadAction\",\"target\":[\"https:\/\/almeidas.com.br\/site\/servicos\/\"]}]},{\"@type\":\"ImageObject\",\"inLanguage\":\"pt-BR\",\"@id\":\"https:\/\/almeidas.com.br\/site\/servicos\/#primaryimage\",\"url\":\"https:\/\/almeidas.com.br\/site\/wp-content\/uploads\/2022\/06\/download.jpg\",\"contentUrl\":\"https:\/\/almeidas.com.br\/site\/wp-content\/uploads\/2022\/06\/download.jpg\",\"width\":180,\"height\":180,\"caption\":\"Cliente Perfume Motel\"},{\"@type\":\"BreadcrumbList\",\"@id\":\"https:\/\/almeidas.com.br\/site\/servicos\/#breadcrumb\",\"itemListElement\":[{\"@type\":\"ListItem\",\"position\":1,\"name\":\"Home\",\"item\":\"https:\/\/almeidas.com.br\/site\/\"},{\"@type\":\"ListItem\",\"position\":2,\"name\":\"Servi\u00e7os\"}]},{\"@type\":\"WebSite\",\"@id\":\"https:\/\/almeidas.com.br\/site\/#website\",\"url\":\"https:\/\/almeidas.com.br\/site\/\",\"name\":\"Almeidas M\u00e1rmoraria e Vidra\u00e7aria\",\"description\":\"M\u00e1rmore, granito, quatzo, quartzito, supernano, silestone, dekton\",\"publisher\":{\"@id\":\"https:\/\/almeidas.com.br\/site\/#organization\"},\"potentialAction\":[{\"@type\":\"SearchAction\",\"target\":{\"@type\":\"EntryPoint\",\"urlTemplate\":\"https:\/\/almeidas.com.br\/site\/?s={search_term_string}\"},\"query-input\":\"required name=search_term_string\"}],\"inLanguage\":\"pt-BR\"},{\"@type\":\"Organization\",\"@id\":\"https:\/\/almeidas.com.br\/site\/#organization\",\"name\":\"Almeidas Marmoraria e Vidra\u00e7aria\",\"url\":\"https:\/\/almeidas.com.br\/site\/\",\"logo\":{\"@type\":\"ImageObject\",\"inLanguage\":\"pt-BR\",\"@id\":\"https:\/\/almeidas.com.br\/site\/#\/schema\/logo\/image\/\",\"url\":\"http:\/\/almeidas.com.br\/site\/wp-content\/uploads\/2022\/06\/cropped-Logo-Perfil-scaled-e1654352882514.jpg\",\"contentUrl\":\"http:\/\/almeidas.com.br\/site\/wp-content\/uploads\/2022\/06\/cropped-Logo-Perfil-scaled-e1654352882514.jpg\",\"width\":512,\"height\":512,\"caption\":\"Almeidas Marmoraria e Vidra\u00e7aria\"},\"image\":{\"@id\":\"https:\/\/almeidas.com.br\/site\/#\/schema\/logo\/image\/\"},\"sameAs\":[\"https:\/\/www.facebook.com\/AlmeidasMarmore\",\"https:\/\/www.instagram.com\/almeidasmarmores\/\",\"https:\/\/br.pinterest.com\/pin\/626211523198531652\/\",\"https:\/\/www.tiktok.com\/italoalmeida47?lang=pt-BR\",\"https:\/\/www.youtube.com\/channel\/UC0bTc8AwyXnmkPF2wp9VI3A\"]}]}<\/script>\n<!-- \/ Yoast SEO plugin. -->","yoast_head_json":{"title":"Servi\u00e7os - Almeidas M\u00e1rmoraria e Vidra\u00e7aria","description":"Servi\u00e7os e parceiros de parceiro onde realizamos muitos servi\u00e7os mostrando a qualidade de nosso servi\u00e7o e clientes","robots":{"index":"index","follow":"follow","max-snippet":"max-snippet:-1","max-image-preview":"max-image-preview:large","max-video-preview":"max-video-preview:-1"},"canonical":"https:\/\/almeidas.com.br\/site\/servicos\/","og_locale":"pt_BR","og_type":"article","og_title":"Servi\u00e7os - Almeidas M\u00e1rmoraria e Vidra\u00e7aria","og_description":"Servi\u00e7os e parceiros de parceiro onde realizamos muitos servi\u00e7os mostrando a qualidade de nosso servi\u00e7o e clientes","og_url":"https:\/\/almeidas.com.br\/site\/servicos\/","og_site_name":"Almeidas M\u00e1rmoraria e Vidra\u00e7aria","article_publisher":"https:\/\/www.facebook.com\/AlmeidasMarmore","article_modified_time":"2022-06-08T01:55:10+00:00","og_image":[{"url":"http:\/\/almeidas.com.br\/site\/wp-content\/uploads\/2022\/06\/download.jpg"}],"twitter_card":"summary_large_image","twitter_misc":{"Est. tempo de leitura":"1 minuto"},"schema":{"@context":"https:\/\/schema.org","@graph":[{"@type":"WebPage","@id":"https:\/\/almeidas.com.br\/site\/servicos\/","url":"https:\/\/almeidas.com.br\/site\/servicos\/","name":"Servi\u00e7os - Almeidas M\u00e1rmoraria e Vidra\u00e7aria","isPartOf":{"@id":"https:\/\/almeidas.com.br\/site\/#website"},"primaryImageOfPage":{"@id":"https:\/\/almeidas.com.br\/site\/servicos\/#primaryimage"},"image":{"@id":"https:\/\/almeidas.com.br\/site\/servicos\/#primaryimage"},"thumbnailUrl":"http:\/\/almeidas.com.br\/site\/wp-content\/uploads\/2022\/06\/download.jpg","datePublished":"2021-11-02T08:56:58+00:00","dateModified":"2022-06-08T01:55:10+00:00","description":"Servi\u00e7os e parceiros de parceiro onde realizamos muitos servi\u00e7os mostrando a qualidade de nosso servi\u00e7o e clientes","breadcrumb":{"@id":"https:\/\/almeidas.com.br\/site\/servicos\/#breadcrumb"},"inLanguage":"pt-BR","potentialAction":[{"@type":"ReadAction","target":["https:\/\/almeidas.com.br\/site\/servicos\/"]}]},{"@type":"ImageObject","inLanguage":"pt-BR","@id":"https:\/\/almeidas.com.br\/site\/servicos\/#primaryimage","url":"https:\/\/almeidas.com.br\/site\/wp-content\/uploads\/2022\/06\/download.jpg","contentUrl":"https:\/\/almeidas.com.br\/site\/wp-content\/uploads\/2022\/06\/download.jpg","width":180,"height":180,"caption":"Cliente Perfume Motel"},{"@type":"BreadcrumbList","@id":"https:\/\/almeidas.com.br\/site\/servicos\/#breadcrumb","itemListElement":[{"@type":"ListItem","position":1,"name":"Home","item":"https:\/\/almeidas.com.br\/site\/"},{"@type":"ListItem","position":2,"name":"Servi\u00e7os"}]},{"@type":"WebSite","@id":"https:\/\/almeidas.com.br\/site\/#website","url":"https:\/\/almeidas.com.br\/site\/","name":"Almeidas M\u00e1rmoraria e Vidra\u00e7aria","description":"M\u00e1rmore, granito, quatzo, quartzito, supernano, silestone, dekton","publisher":{"@id":"https:\/\/almeidas.com.br\/site\/#organization"},"potentialAction":[{"@type":"SearchAction","target":{"@type":"EntryPoint","urlTemplate":"https:\/\/almeidas.com.br\/site\/?s={search_term_string}"},"query-input":"required name=search_term_string"}],"inLanguage":"pt-BR"},{"@type":"Organization","@id":"https:\/\/almeidas.com.br\/site\/#organization","name":"Almeidas Marmoraria e Vidra\u00e7aria","url":"https:\/\/almeidas.com.br\/site\/","logo":{"@type":"ImageObject","inLanguage":"pt-BR","@id":"https:\/\/almeidas.com.br\/site\/#\/schema\/logo\/image\/","url":"http:\/\/almeidas.com.br\/site\/wp-content\/uploads\/2022\/06\/cropped-Logo-Perfil-scaled-e1654352882514.jpg","contentUrl":"http:\/\/almeidas.com.br\/site\/wp-content\/uploads\/2022\/06\/cropped-Logo-Perfil-scaled-e1654352882514.jpg","width":512,"height":512,"caption":"Almeidas Marmoraria e Vidra\u00e7aria"},"image":{"@id":"https:\/\/almeidas.com.br\/site\/#\/schema\/logo\/image\/"},"sameAs":["https:\/\/www.facebook.com\/AlmeidasMarmore","https:\/\/www.instagram.com\/almeidasmarmores\/","https:\/\/br.pinterest.com\/pin\/626211523198531652\/","https:\/\/www.tiktok.com\/italoalmeida47?lang=pt-BR","https:\/\/www.youtube.com\/channel\/UC0bTc8AwyXnmkPF2wp9VI3A"]}]}},"_links":{"self":[{"href":"https:\/\/almeidas.com.br\/site\/wp-json\/wp\/v2\/pages\/556","targetHints":{"allow":["GET"]}}],"collection":[{"href":"https:\/\/almeidas.com.br\/site\/wp-json\/wp\/v2\/pages"}],"about":[{"href":"https:\/\/almeidas.com.br\/site\/wp-json\/wp\/v2\/types\/page"}],"author":[{"embeddable":true,"href":"https:\/\/almeidas.com.br\/site\/wp-json\/wp\/v2\/users\/1"}],"replies":[{"embeddable":true,"href":"https:\/\/almeidas.com.br\/site\/wp-json\/wp\/v2\/comments?post=556"}],"version-history":[{"count":9,"href":"https:\/\/almeidas.com.br\/site\/wp-json\/wp\/v2\/pages\/556\/revisions"}],"predecessor-version":[{"id":862,"href":"https:\/\/almeidas.com.br\/site\/wp-json\/wp\/v2\/pages\/556\/revisions\/862"}],"wp:attachment":[{"href":"https:\/\/almeidas.com.br\/site\/wp-json\/wp\/v2\/media?parent=556"}],"curies":[{"name":"wp","href":"https:\/\/api.w.org\/{rel}","templated":true}]}}